{"id":1237,"date":"2021-11-18T11:23:27","date_gmt":"2021-11-18T10:23:27","guid":{"rendered":"https:\/\/www.hotellespieux.com\/?page_id=1237"},"modified":"2021-11-19T17:29:49","modified_gmt":"2021-11-19T16:29:49","slug":"activities","status":"publish","type":"page","link":"https:\/\/www.hotellespieux.com\/en\/activities\/","title":{"rendered":"Leisure activities"},"content":{"rendered":"\n<div class=\"is-layout-flow wp-block-group stacked-row-top has-white-color has-blue-1-background-color has-text-color has-background\"><div class=\"wp-block-group__inner-container\">\n<h1 class=\"has-text-align-center\">Leisure activities <em>in the Cotentin<\/em><\/h1>\n\n\n\n<p class=\"has-text-align-center\">Would you like to try out as many activities as possible during your stay in Les Pieux, in the <strong>Cotentin<\/strong>? Here you\u2019ll find all the not-to-be-missed leisure activities which you can do within easy <strong>reach of Les Pieux<\/strong>. There\u2019s plenty here to delight young and old alike on your family outings or when out with friends or your partner.<\/p>\n\n\n\n<p class=\"has-text-align-center\">Walking, horse-riding, cycling, land sailing taster sessions \u2013 there\u2019s something to suit all tastes.<\/p>\n<\/div><\/div>\n\n\n\n<div class=\"is-layout-flex wp-container-4 wp-block-columns alignfull main-content-cols img-left larger-grid\">\n<div class=\"is-layout-flow wp-block-column\">\n<figure class=\"wp-block-image size-full\"><img decoding=\"async\" loading=\"lazy\" width=\"1024\" height=\"683\" src=\"https:\/\/i0.wp.com\/www.hotellespieux.com\/wp-content\/uploads\/la-hague.jpg?resize=1024%2C683&#038;ssl=1\" alt=\"\" class=\"wp-image-816\" srcset=\"https:\/\/i0.wp.com\/www.hotellespieux.com\/wp-content\/uploads\/la-hague.jpg?w=1024&amp;ssl=1 1024w, https:\/\/i0.wp.com\/www.hotellespieux.com\/wp-content\/uploads\/la-hague.jpg?resize=300%2C200&amp;ssl=1 300w, https:\/\/i0.wp.com\/www.hotellespieux.com\/wp-content\/uploads\/la-hague.jpg?resize=768%2C512&amp;ssl=1 768w\" sizes=\"(max-width: 1024px) 100vw, 1024px\" data-recalc-dims=\"1\" \/><\/figure>\n<\/div>\n\n\n\n<div class=\"is-layout-flow wp-block-column col-text contact-infos\">\n<h2>Sciotot Beach&nbsp; &nbsp;<\/h2>\n\n\n\n<p><strong>The Plage de Sciotot <\/strong>(Sciotot Beach) in Les Pieux, is located between the <strong>Cap de Flamanville <\/strong>and the <strong>Cap du Rozel<\/strong>. It\u2019s a superb place to swim and is suitable for all ages. It\u2019s just the thing for a family outing as lots of activities are on offer here right throughout the year.<\/p>\n\n\n\n<p>For instance, you could try your hand at land sailing or Class 7 land yachting (speed sail). Sandcastle building competitions are also held here and there\u2019s a children\u2019s playground too.<\/p>\n\n\n\n<p>All in all, it\u2019s a great way of spending some quality time outside with your family. As an added bonus, the surrounding views are gorgeous. The beach is a 5-minute drive from the <strong>H\u00f4tel Les Pieux<\/strong>.<\/p>\n<\/div>\n<\/div>\n\n\n\n<div class=\"is-layout-flex wp-container-7 wp-block-columns alignfull main-content-cols img-right larger-grid\" id=\"sentier-du-littoral\">\n<div class=\"is-layout-flow wp-block-column\">\n<figure class=\"wp-block-image size-large\"><img decoding=\"async\" loading=\"lazy\" width=\"1024\" height=\"683\" src=\"https:\/\/i0.wp.com\/www.hotellespieux.com\/wp-content\/uploads\/\/hotel-les-pieux-cotentin-randonnee-la-hague.jpg?resize=1024%2C683&#038;ssl=1\" alt=\"H\u00f4tel Les Pieux - Cotentin - Randonn\u00e9e La Hague\" class=\"wp-image-1105\" srcset=\"https:\/\/i0.wp.com\/www.hotellespieux.com\/wp-content\/uploads\/hotel-les-pieux-cotentin-randonnee-la-hague.jpg?resize=1024%2C683&amp;ssl=1 1024w, https:\/\/i0.wp.com\/www.hotellespieux.com\/wp-content\/uploads\/hotel-les-pieux-cotentin-randonnee-la-hague.jpg?resize=300%2C200&amp;ssl=1 300w, https:\/\/i0.wp.com\/www.hotellespieux.com\/wp-content\/uploads\/hotel-les-pieux-cotentin-randonnee-la-hague.jpg?resize=768%2C512&amp;ssl=1 768w, https:\/\/i0.wp.com\/www.hotellespieux.com\/wp-content\/uploads\/hotel-les-pieux-cotentin-randonnee-la-hague.jpg?resize=1536%2C1024&amp;ssl=1 1536w, https:\/\/i0.wp.com\/www.hotellespieux.com\/wp-content\/uploads\/hotel-les-pieux-cotentin-randonnee-la-hague.jpg?w=1656&amp;ssl=1 1656w\" sizes=\"(max-width: 1024px) 100vw, 1024px\" data-recalc-dims=\"1\" \/><\/figure>\n<\/div>\n\n\n\n<div class=\"is-layout-flow wp-block-column col-text contact-infos\">\n<h2> The Coastal Path &#8211; GR223<\/h2>\n\n\n\n<p>The <strong>GR223<\/strong> long-distance path is usually called the \u2018<strong>Sentier de Douaniers<\/strong>\u2019 (the Customs Officers\u2019 path) or the \u2018<strong>Sentier du Littoral<\/strong>\u2019 (the coastal path). Whether you\u2019re an experienced hiker who\u2019s happy to walk for hours or you just want to go for a short walk, the Sentier du Littoral has something for everyone.<\/p>\n\n\n\n<p>Its 23 sections (each section is about 20 kilometres long) have one thing in common \u2013 they all follow the <strong>coast of the Manche<\/strong> &#8211; 446 kilometres\u2019 worth of marvellous sights and sounds. The path starts in Isigny-sur-Mer in Carentan and hugs the coast until Pontaubault near <strong>Mont Saint Michel<\/strong>. See a side to the Manche that you\u2019ve never seen before!<\/p>\n\n\n\n<p>The location of the <strong>H\u00f4tel Les Pieux<\/strong> is suitable for overnight stops between two sections. There are two sections of the GR223 which pass close by the hotel: Biville to Sciotot (21.1km), followed by Sciotot to Hattainville (17.8km).<\/p>\n<\/div>\n<\/div>\n\n\n\n<div class=\"is-layout-flex wp-container-10 wp-block-columns alignfull main-content-cols img-left larger-grid\">\n<div class=\"is-layout-flow wp-block-column\">\n<figure class=\"wp-block-image size-large\"><img decoding=\"async\" loading=\"lazy\" width=\"1024\" height=\"683\" src=\"https:\/\/i0.wp.com\/www.hotellespieux.com\/wp-content\/uploads\/\/hotel-les-pieux-cotentin-balade-velo.jpg?resize=1024%2C683&#038;ssl=1\" alt=\"H\u00f4tel Les Pieux - Cotentin - Balade \u00e0 v\u00e9lo\" class=\"wp-image-1111\" srcset=\"https:\/\/i0.wp.com\/www.hotellespieux.com\/wp-content\/uploads\/hotel-les-pieux-cotentin-balade-velo.jpg?resize=1024%2C683&amp;ssl=1 1024w, https:\/\/i0.wp.com\/www.hotellespieux.com\/wp-content\/uploads\/hotel-les-pieux-cotentin-balade-velo.jpg?resize=300%2C200&amp;ssl=1 300w, https:\/\/i0.wp.com\/www.hotellespieux.com\/wp-content\/uploads\/hotel-les-pieux-cotentin-balade-velo.jpg?resize=768%2C512&amp;ssl=1 768w, https:\/\/i0.wp.com\/www.hotellespieux.com\/wp-content\/uploads\/hotel-les-pieux-cotentin-balade-velo.jpg?resize=1536%2C1024&amp;ssl=1 1536w, https:\/\/i0.wp.com\/www.hotellespieux.com\/wp-content\/uploads\/hotel-les-pieux-cotentin-balade-velo.jpg?w=1656&amp;ssl=1 1656w\" sizes=\"(max-width: 1024px) 100vw, 1024px\" data-recalc-dims=\"1\" \/><\/figure>\n<\/div>\n\n\n\n<div class=\"is-layout-flow wp-block-column col-text contact-infos\">\n<h2> Cycling trips in the Cotentin &nbsp;<\/h2>\n\n\n\n<p>What better way is there to explore the glorious landscapes of the <strong>Cotentin region<\/strong> than by going on a <strong>cycling trip<\/strong>? One thing is sure, there\u2019s no shortage of routes and itineraries to take. Perhaps you\u2019d like to head off on an adventurous, physically-demanding mountain biking trip? Or else a gentle family outing is more your style? All options are on the table.<\/p>\n\n\n\n<p>Enjoy a cycle trip with your family \u2013 and the <strong>sea views<\/strong> that go with it. Landscapes to admire include the <strong>Anse de Sciotot<\/strong> bay and the panoramic view from the <strong>Roche \u00e0 Coucou<\/strong>. Some routes will also give you the opportunity to explore the pretty local \u2018bocage\u2019 countryside (landscape of pastureland, woods, hedgerows and sunken lanes).<\/p>\n\n\n\n<p>Before setting off towards new horizons, we would advise you visit the<strong> Les Pieux tourist office. They will be delighted to tell you the best ro<\/strong>utes to take.<\/p>\n<\/div>\n<\/div>\n\n\n\n<div class=\"is-layout-flex wp-container-13 wp-block-columns alignfull main-content-cols img-right larger-grid\">\n<div class=\"is-layout-flow wp-block-column\">\n<figure class=\"wp-block-image size-large\"><img decoding=\"async\" loading=\"lazy\" width=\"1024\" height=\"681\" src=\"https:\/\/i0.wp.com\/www.hotellespieux.com\/wp-content\/uploads\/\/pexels-bianca-1236028.jpg?resize=1024%2C681&#038;ssl=1\" alt=\"H\u00f4tel Les Pieux - Cotentin - Balade \u00e0 cheval\" class=\"wp-image-1112\" srcset=\"https:\/\/i0.wp.com\/www.hotellespieux.com\/wp-content\/uploads\/pexels-bianca-1236028-scaled.jpg?resize=1024%2C681&amp;ssl=1 1024w, https:\/\/i0.wp.com\/www.hotellespieux.com\/wp-content\/uploads\/pexels-bianca-1236028-scaled.jpg?resize=300%2C199&amp;ssl=1 300w, https:\/\/i0.wp.com\/www.hotellespieux.com\/wp-content\/uploads\/pexels-bianca-1236028-scaled.jpg?resize=768%2C511&amp;ssl=1 768w, https:\/\/i0.wp.com\/www.hotellespieux.com\/wp-content\/uploads\/pexels-bianca-1236028-scaled.jpg?resize=1536%2C1021&amp;ssl=1 1536w, https:\/\/i0.wp.com\/www.hotellespieux.com\/wp-content\/uploads\/pexels-bianca-1236028-scaled.jpg?resize=2048%2C1362&amp;ssl=1 2048w, https:\/\/i0.wp.com\/www.hotellespieux.com\/wp-content\/uploads\/pexels-bianca-1236028-scaled.jpg?w=2560&amp;ssl=1 2560w\" sizes=\"(max-width: 1024px) 100vw, 1024px\" data-recalc-dims=\"1\" \/><\/figure>\n<\/div>\n\n\n\n<div class=\"is-layout-flow wp-block-column col-text contact-infos\">\n<h2> Horse-riding in Les Pieux &nbsp;<\/h2>\n\n\n\n<p>Animal-lovers and nature-lovers can saddle up and head off on a <strong>horse-riding trip from Les Pieux<\/strong>, taking them through beautiful natural settings whether it\u2019s along the beach or through the countryside further inland.<\/p>\n\n\n\n<p>It doesn\u2019t matter whether you\u2019re an experienced rider or a beginner \u2013 these horse rides are open to all levels of proficiency. They\u2019re an excellent way of combining physical exercise with exploring the countryside and also just relaxing and getting away from it all.<\/p>\n\n\n\n<p>The<strong> complexe Hippique des Pieux<\/strong> horse-riding centre (1km from the H\u00f4tel Les Pieux), offers trail riding and pony-trekking opportunities. Feel free to contact them for more details.<\/p>\n<\/div>\n<\/div>\n\n\n\n<div class=\"is-layout-flex wp-container-16 wp-block-columns alignfull main-content-cols img-left larger-grid\">\n<div class=\"is-layout-flow wp-block-column\">\n<figure class=\"wp-block-image size-large\"><img decoding=\"async\" loading=\"lazy\" width=\"1024\" height=\"768\" src=\"https:\/\/i0.wp.com\/www.hotellespieux.com\/wp-content\/uploads\/\/hotel-les-pieux-cotentin-char-a-voile.jpg?resize=1024%2C768&#038;ssl=1\" alt=\"H\u00f4tel Les Pieux - Cotentin - Char \u00e0 voile 2\" class=\"wp-image-1149\" srcset=\"https:\/\/i0.wp.com\/www.hotellespieux.com\/wp-content\/uploads\/hotel-les-pieux-cotentin-char-a-voile.jpg?resize=1024%2C768&amp;ssl=1 1024w, https:\/\/i0.wp.com\/www.hotellespieux.com\/wp-content\/uploads\/hotel-les-pieux-cotentin-char-a-voile.jpg?resize=300%2C225&amp;ssl=1 300w, https:\/\/i0.wp.com\/www.hotellespieux.com\/wp-content\/uploads\/hotel-les-pieux-cotentin-char-a-voile.jpg?resize=768%2C576&amp;ssl=1 768w, https:\/\/i0.wp.com\/www.hotellespieux.com\/wp-content\/uploads\/hotel-les-pieux-cotentin-char-a-voile.jpg?w=1190&amp;ssl=1 1190w\" sizes=\"(max-width: 1024px) 100vw, 1024px\" data-recalc-dims=\"1\" \/><figcaption>\u00a9OSLC Les Pieux<\/figcaption><\/figure>\n<\/div>\n\n\n\n<div class=\"is-layout-flow wp-block-column col-text contact-infos\">\n<h2>Land sailing taster sessions in the Cotentin &nbsp;<\/h2>\n\n\n\n<p>Make the most of your stay at the H\u00f4tel Les Pieux to try out land sailing! Located between the Cap du Rozel and the Cap de Flamanville, the <strong>Anse de Sciotot<\/strong> bay is the perfect spot for this sport. Just 6 minutes by car from the H\u00f4tel Les Pieux, the Centre d\u2019activit\u00e9s Voile et Vent windsports centre offers an <strong>introduction to land sailing.<\/strong><\/p>\n\n\n\n<p>It\u2019s open to everyone \u2013 singles, families, groups of friends \u2013 whatever your level of experience. It\u2019s a great opportunity to discover the unique thrill of this windsport on one of the most beautiful beaches in France \u2013 indeed, in Europe. <\/p>\n\n\n\n<p>You can try this new sport in either single-seater or twin-seater landsailers. We advise novices to choose the <strong>\u2018Circuit D\u00e9couverte\u2019 <\/strong>taster session (one hour) or the \u2018<strong>Initiation Autonomie\u2019<\/strong> 2 hour-long course.<\/p>\n<\/div>\n<\/div>\n\n\n\n<div class=\"is-layout-flex wp-container-19 wp-block-columns alignfull main-content-cols img-right larger-grid\">\n<div class=\"is-layout-flow wp-block-column\">\n<figure class=\"wp-block-image size-large\"><img decoding=\"async\" loading=\"lazy\" width=\"1024\" height=\"683\" src=\"https:\/\/i0.wp.com\/www.hotellespieux.com\/wp-content\/uploads\/\/20190416152829-29b30283-xx.jpg?resize=1024%2C683&#038;ssl=1\" alt=\"H\u00f4tel Les Pieux - Cotentin - Surf\" class=\"wp-image-1114\" srcset=\"https:\/\/i0.wp.com\/www.hotellespieux.com\/wp-content\/uploads\/20190416152829-29b30283-xx.jpg?resize=1024%2C683&amp;ssl=1 1024w, https:\/\/i0.wp.com\/www.hotellespieux.com\/wp-content\/uploads\/20190416152829-29b30283-xx.jpg?resize=300%2C200&amp;ssl=1 300w, https:\/\/i0.wp.com\/www.hotellespieux.com\/wp-content\/uploads\/20190416152829-29b30283-xx.jpg?resize=768%2C512&amp;ssl=1 768w, https:\/\/i0.wp.com\/www.hotellespieux.com\/wp-content\/uploads\/20190416152829-29b30283-xx.jpg?resize=1536%2C1024&amp;ssl=1 1536w, https:\/\/i0.wp.com\/www.hotellespieux.com\/wp-content\/uploads\/20190416152829-29b30283-xx.jpg?w=1656&amp;ssl=1 1656w\" sizes=\"(max-width: 1024px) 100vw, 1024px\" data-recalc-dims=\"1\" \/><\/figure>\n<\/div>\n\n\n\n<div class=\"is-layout-flow wp-block-column col-text contact-infos\">\n<h2> Surfing at Siouville-Hague<\/h2>\n\n\n\n<p>Would you like to know <strong>where you can surf in the Cotentin<\/strong>? Here you can find out more about the <strong>Siouville-Hague surfing spot<\/strong>, Normandy\u2019s most famous. A mere 5-minute drive from the hotel, this spot features a lovely sandy beach.<\/p>\n\n\n\n<p>The spot offers a beach break that\u2019s open to the swell coming from the west, i.e. the open Atlantic. It\u2019s in the autumn that you\u2019ll find wave quality and frequency are the best. Beginners and experts alike will be sure to find that <strong>the Siouville-Hague surfing spot<\/strong> is just the thing for their particular surfing tribe!<\/p>\n\n\n\n<p>There are lots of other boardsports and windsports to try, including windsurfing, <strong>kitesurfing<\/strong> and land sailing.&nbsp;<\/p>\n<\/div>\n<\/div>\n","protected":false},"excerpt":{"rendered":"<p>Leisure activities in the Cotentin Would you like to try out as many activities as possible during your stay in Les Pieux, in the Cotentin? Here you\u2019ll find all the not-to-be-missed leisure activities which you can do within easy reach of Les Pieux. There\u2019s plenty here to delight young and old alike on your family [&hellip;]<\/p>\n","protected":false},"author":2,"featured_media":0,"parent":0,"menu_order":0,"comment_status":"closed","ping_status":"closed","template":"","meta":[],"yoast_head":"<!-- This site is optimized with the Yoast SEO plugin v21.1 - https:\/\/yoast.com\/wordpress\/plugins\/seo\/ -->\n<title>Leisure activities in the Cotentin - Hotel Les Pieux<\/title>\n<meta name=\"description\" content=\"Must-see activities in Normandy. Walking, horse-riding, cycling, land sailing taster sessions in Cotentin. Prepare your holidays in Cotentin.\" \/>\n<meta name=\"robots\" content=\"index, follow, max-snippet:-1, max-image-preview:large, max-video-preview:-1\" \/>\n<link rel=\"canonical\" href=\"https:\/\/www.hotellespieux.com\/en\/activities\/\" \/>\n<meta property=\"og:locale\" content=\"en_US\" \/>\n<meta property=\"og:type\" content=\"article\" \/>\n<meta property=\"og:title\" content=\"Leisure activities in the Cotentin - Hotel Les Pieux\" \/>\n<meta property=\"og:description\" content=\"Must-see activities in Normandy. Walking, horse-riding, cycling, land sailing taster sessions in Cotentin. Prepare your holidays in Cotentin.\" \/>\n<meta property=\"og:url\" content=\"https:\/\/www.hotellespieux.com\/en\/activities\/\" \/>\n<meta property=\"og:site_name\" content=\"H\u00f4tel Les Pieux\" \/>\n<meta property=\"article:publisher\" content=\"https:\/\/www.facebook.com\/hotellespieux\" \/>\n<meta property=\"article:modified_time\" content=\"2021-11-19T16:29:49+00:00\" \/>\n<meta property=\"og:image\" content=\"https:\/\/www.hotellespieux.com\/wp-content\/uploads\/la-hague.jpg\" \/>\n<meta name=\"twitter:card\" content=\"summary_large_image\" \/>\n<meta name=\"twitter:label1\" content=\"Est. reading time\" \/>\n\t<meta name=\"twitter:data1\" content=\"6 minutes\" \/>\n<script type=\"application\/ld+json\" class=\"yoast-schema-graph\">{\"@context\":\"https:\/\/schema.org\",\"@graph\":[{\"@type\":\"WebPage\",\"@id\":\"https:\/\/www.hotellespieux.com\/en\/activities\/\",\"url\":\"https:\/\/www.hotellespieux.com\/en\/activities\/\",\"name\":\"Leisure activities in the Cotentin - Hotel Les Pieux\",\"isPartOf\":{\"@id\":\"https:\/\/www.hotellespieux.com\/en\/#website\"},\"datePublished\":\"2021-11-18T10:23:27+00:00\",\"dateModified\":\"2021-11-19T16:29:49+00:00\",\"description\":\"Must-see activities in Normandy. Walking, horse-riding, cycling, land sailing taster sessions in Cotentin. Prepare your holidays in Cotentin.\",\"breadcrumb\":{\"@id\":\"https:\/\/www.hotellespieux.com\/en\/activities\/#breadcrumb\"},\"inLanguage\":\"en-US\",\"potentialAction\":[{\"@type\":\"ReadAction\",\"target\":[\"https:\/\/www.hotellespieux.com\/en\/activities\/\"]}]},{\"@type\":\"BreadcrumbList\",\"@id\":\"https:\/\/www.hotellespieux.com\/en\/activities\/#breadcrumb\",\"itemListElement\":[{\"@type\":\"ListItem\",\"position\":1,\"name\":\"Home\",\"item\":\"https:\/\/www.hotellespieux.com\/en\/\"},{\"@type\":\"ListItem\",\"position\":2,\"name\":\"Leisure activities\"}]},{\"@type\":\"WebSite\",\"@id\":\"https:\/\/www.hotellespieux.com\/en\/#website\",\"url\":\"https:\/\/www.hotellespieux.com\/en\/\",\"name\":\"H\u00f4tel Les Pieux\",\"description\":\"\",\"publisher\":{\"@id\":\"https:\/\/www.hotellespieux.com\/en\/#organization\"},\"potentialAction\":[{\"@type\":\"SearchAction\",\"target\":{\"@type\":\"EntryPoint\",\"urlTemplate\":\"https:\/\/www.hotellespieux.com\/en\/?s={search_term_string}\"},\"query-input\":\"required name=search_term_string\"}],\"inLanguage\":\"en-US\"},{\"@type\":\"Organization\",\"@id\":\"https:\/\/www.hotellespieux.com\/en\/#organization\",\"name\":\"H\u00f4tel les Pieux\",\"url\":\"https:\/\/www.hotellespieux.com\/en\/\",\"logo\":{\"@type\":\"ImageObject\",\"inLanguage\":\"en-US\",\"@id\":\"https:\/\/www.hotellespieux.com\/en\/#\/schema\/logo\/image\/\",\"url\":\"https:\/\/www.hotellespieux.com\/wp-content\/uploads\/hotel-les-pieux-logo.svg\",\"contentUrl\":\"https:\/\/www.hotellespieux.com\/wp-content\/uploads\/hotel-les-pieux-logo.svg\",\"width\":1,\"height\":1,\"caption\":\"H\u00f4tel les Pieux\"},\"image\":{\"@id\":\"https:\/\/www.hotellespieux.com\/en\/#\/schema\/logo\/image\/\"},\"sameAs\":[\"https:\/\/www.facebook.com\/hotellespieux\"]}]}<\/script>\n<!-- \/ Yoast SEO plugin. -->","yoast_head_json":{"title":"Leisure activities in the Cotentin - Hotel Les Pieux","description":"Must-see activities in Normandy. Walking, horse-riding, cycling, land sailing taster sessions in Cotentin. Prepare your holidays in Cotentin.","robots":{"index":"index","follow":"follow","max-snippet":"max-snippet:-1","max-image-preview":"max-image-preview:large","max-video-preview":"max-video-preview:-1"},"canonical":"https:\/\/www.hotellespieux.com\/en\/activities\/","og_locale":"en_US","og_type":"article","og_title":"Leisure activities in the Cotentin - Hotel Les Pieux","og_description":"Must-see activities in Normandy. Walking, horse-riding, cycling, land sailing taster sessions in Cotentin. Prepare your holidays in Cotentin.","og_url":"https:\/\/www.hotellespieux.com\/en\/activities\/","og_site_name":"H\u00f4tel Les Pieux","article_publisher":"https:\/\/www.facebook.com\/hotellespieux","article_modified_time":"2021-11-19T16:29:49+00:00","og_image":[{"url":"https:\/\/www.hotellespieux.com\/wp-content\/uploads\/la-hague.jpg"}],"twitter_card":"summary_large_image","twitter_misc":{"Est. reading time":"6 minutes"},"schema":{"@context":"https:\/\/schema.org","@graph":[{"@type":"WebPage","@id":"https:\/\/www.hotellespieux.com\/en\/activities\/","url":"https:\/\/www.hotellespieux.com\/en\/activities\/","name":"Leisure activities in the Cotentin - Hotel Les Pieux","isPartOf":{"@id":"https:\/\/www.hotellespieux.com\/en\/#website"},"datePublished":"2021-11-18T10:23:27+00:00","dateModified":"2021-11-19T16:29:49+00:00","description":"Must-see activities in Normandy. Walking, horse-riding, cycling, land sailing taster sessions in Cotentin. Prepare your holidays in Cotentin.","breadcrumb":{"@id":"https:\/\/www.hotellespieux.com\/en\/activities\/#breadcrumb"},"inLanguage":"en-US","potentialAction":[{"@type":"ReadAction","target":["https:\/\/www.hotellespieux.com\/en\/activities\/"]}]},{"@type":"BreadcrumbList","@id":"https:\/\/www.hotellespieux.com\/en\/activities\/#breadcrumb","itemListElement":[{"@type":"ListItem","position":1,"name":"Home","item":"https:\/\/www.hotellespieux.com\/en\/"},{"@type":"ListItem","position":2,"name":"Leisure activities"}]},{"@type":"WebSite","@id":"https:\/\/www.hotellespieux.com\/en\/#website","url":"https:\/\/www.hotellespieux.com\/en\/","name":"H\u00f4tel Les Pieux","description":"","publisher":{"@id":"https:\/\/www.hotellespieux.com\/en\/#organization"},"potentialAction":[{"@type":"SearchAction","target":{"@type":"EntryPoint","urlTemplate":"https:\/\/www.hotellespieux.com\/en\/?s={search_term_string}"},"query-input":"required name=search_term_string"}],"inLanguage":"en-US"},{"@type":"Organization","@id":"https:\/\/www.hotellespieux.com\/en\/#organization","name":"H\u00f4tel les Pieux","url":"https:\/\/www.hotellespieux.com\/en\/","logo":{"@type":"ImageObject","inLanguage":"en-US","@id":"https:\/\/www.hotellespieux.com\/en\/#\/schema\/logo\/image\/","url":"https:\/\/www.hotellespieux.com\/wp-content\/uploads\/hotel-les-pieux-logo.svg","contentUrl":"https:\/\/www.hotellespieux.com\/wp-content\/uploads\/hotel-les-pieux-logo.svg","width":1,"height":1,"caption":"H\u00f4tel les Pieux"},"image":{"@id":"https:\/\/www.hotellespieux.com\/en\/#\/schema\/logo\/image\/"},"sameAs":["https:\/\/www.facebook.com\/hotellespieux"]}]}},"_links":{"self":[{"href":"https:\/\/www.hotellespieux.com\/en\/wp-json\/wp\/v2\/pages\/1237"}],"collection":[{"href":"https:\/\/www.hotellespieux.com\/en\/wp-json\/wp\/v2\/pages"}],"about":[{"href":"https:\/\/www.hotellespieux.com\/en\/wp-json\/wp\/v2\/types\/page"}],"author":[{"embeddable":true,"href":"https:\/\/www.hotellespieux.com\/en\/wp-json\/wp\/v2\/users\/2"}],"replies":[{"embeddable":true,"href":"https:\/\/www.hotellespieux.com\/en\/wp-json\/wp\/v2\/comments?post=1237"}],"version-history":[{"count":6,"href":"https:\/\/www.hotellespieux.com\/en\/wp-json\/wp\/v2\/pages\/1237\/revisions"}],"predecessor-version":[{"id":1349,"href":"https:\/\/www.hotellespieux.com\/en\/wp-json\/wp\/v2\/pages\/1237\/revisions\/1349"}],"wp:attachment":[{"href":"https:\/\/www.hotellespieux.com\/en\/wp-json\/wp\/v2\/media?parent=1237"}],"curies":[{"name":"wp","href":"https:\/\/api.w.org\/{rel}","templated":true}]}}