{"id":1231,"date":"2021-11-19T10:51:01","date_gmt":"2021-11-19T09:51:01","guid":{"rendered":"https:\/\/www.hotellespieux.com\/?page_id=1231"},"modified":"2021-11-19T17:16:47","modified_gmt":"2021-11-19T16:16:47","slug":"business-travel","status":"publish","type":"page","link":"https:\/\/www.hotellespieux.com\/en\/business-travel\/","title":{"rendered":"Business travel"},"content":{"rendered":"\n<div class=\"is-layout-flow wp-block-group stacked-row-top has-white-color has-blue-1-background-color has-text-color has-background\"><div class=\"wp-block-group__inner-container\">\n<h1 class=\"has-text-align-center\">Business travel and short trips <em>in Les Pieux,<\/em> in the Cotentin<\/h1>\n\n\n\n<p class=\"has-text-align-center\">Are you on a<strong> business trip <\/strong>and need to stay for a night in Les Pieux? Or perhaps your trip is a longer one?<\/p>\n\n\n\n<p class=\"has-text-align-center\">Discover the <strong>H\u00f4tel Les Pieux<\/strong> \u2013 it\u2019s perfect for <strong>short business trips <\/strong>or <strong>longer business travel<\/strong> needs. In the heart of the <strong>Cotentin<\/strong>, in the Manche \u2018d\u00e9partement\u2019, our hotel in the town of Les Pieux is open all year round. As it\u2019s located near the region\u2019s large economic hubs, we frequently have sales representatives and commercial travellers staying with us on their<strong> business trips<\/strong>.<\/p>\n\n\n\n<p class=\"has-text-align-center\">We have a range of services specifically tailored to you to ensure your stay goes like clockwork.<\/p>\n\n\n\n<p class=\"has-text-align-center\">Our only guiding principle is to make your life easier during your stay with us!<\/p>\n<\/div><\/div>\n\n\n\n<div class=\"is-layout-flow wp-block-group alignfull bg-pattern all has-white-color has-blue-2-background-color has-text-color has-background\"><div class=\"wp-block-group__inner-container\">\n<div class=\"is-layout-flow wp-block-group alignfull has-blue-1-background-color has-background\"><div class=\"wp-block-group__inner-container\">\n<h2 class=\"has-text-align-center\">Advantages<\/h2>\n\n\n\n<div class=\"is-layout-flex wp-container-6 wp-block-columns alignfull icons-line row-col-7\">\n<div class=\"is-layout-flow wp-block-column\"><i class=\"sqk-icon-breakfast-shape \"><\/i>\n\n\n\n<p>Breakfast <em>served from 6.30am on weekdays<\/em><\/p>\n<\/div>\n\n\n\n<div class=\"is-layout-flow wp-block-column\"><i class=\"sqk-icon-meal-tray \"><\/i>\n\n\n\n<p>Room service <em>meal trays<\/em><\/p>\n<\/div>\n\n\n\n<div class=\"is-layout-flow wp-block-column\"><i class=\"sqk-icon-self-checkin \"><\/i>\n\n\n\n<p>Self check-in <em>available from 2pm until 6am<\/em> <\/p>\n<\/div>\n\n\n\n<div class=\"is-layout-flow wp-block-column\"><i class=\"sqk-icon-parking-alt \"><\/i>\n\n\n\n<p>Free parking <em>behind the hotel<\/em><\/p>\n<\/div>\n<\/div>\n<\/div><\/div>\n<\/div><\/div>\n\n\n\n<div class=\"is-layout-flex wp-container-11 wp-block-columns alignfull main-content-cols img-left larger-grid\">\n<div class=\"is-layout-flow wp-block-column\">\n<figure class=\"wp-block-image size-large\"><img decoding=\"async\" loading=\"lazy\" width=\"1024\" height=\"683\" src=\"https:\/\/i0.wp.com\/www.hotellespieux.com\/wp-content\/uploads\/\/hotel-les-pieux-exterieur-facade.jpg?resize=1024%2C683&#038;ssl=1\" alt=\"\" class=\"wp-image-1033\" srcset=\"https:\/\/i0.wp.com\/www.hotellespieux.com\/wp-content\/uploads\/hotel-les-pieux-exterieur-facade-scaled.jpg?resize=1024%2C683&amp;ssl=1 1024w, https:\/\/i0.wp.com\/www.hotellespieux.com\/wp-content\/uploads\/hotel-les-pieux-exterieur-facade-scaled.jpg?resize=300%2C200&amp;ssl=1 300w, https:\/\/i0.wp.com\/www.hotellespieux.com\/wp-content\/uploads\/hotel-les-pieux-exterieur-facade-scaled.jpg?resize=768%2C512&amp;ssl=1 768w, https:\/\/i0.wp.com\/www.hotellespieux.com\/wp-content\/uploads\/hotel-les-pieux-exterieur-facade-scaled.jpg?resize=1536%2C1024&amp;ssl=1 1536w, https:\/\/i0.wp.com\/www.hotellespieux.com\/wp-content\/uploads\/hotel-les-pieux-exterieur-facade-scaled.jpg?resize=2048%2C1365&amp;ssl=1 2048w, https:\/\/i0.wp.com\/www.hotellespieux.com\/wp-content\/uploads\/hotel-les-pieux-exterieur-facade-scaled.jpg?w=2560&amp;ssl=1 2560w\" sizes=\"(max-width: 1024px) 100vw, 1024px\" data-recalc-dims=\"1\" \/><\/figure>\n<\/div>\n\n\n\n<div class=\"is-layout-flow wp-block-column col-text contact-infos\">\n<h2>Make the most of a prime location&nbsp;<\/h2>\n\n\n\n<p>We\u2019ll be delighted to see you when you\u2019re on business in the area, whether you\u2019re a regular or more infrequent guest. The H\u00f4tel Les Pieux is located just 5 minutes by car from the CNPE EDF FLA 1&amp;2, EPR (Flamanville nuclear power station). We are also a 25-minute drive from the ORANO site (Orano is a major player in the energy and nuclear fuel cycle fields).<\/p>\n\n\n\n<p>At the end of your day, make the most of your stay with us to relax for a while. The hotel is 4 km from <strong>Sciotot beach <\/strong>and 8 km from the <strong>Siouville-Hague surfing spot<\/strong>, which is the most famous spot in<strong> Normandy<\/strong>.&nbsp;<\/p>\n<\/div>\n<\/div>\n\n\n\n<div class=\"is-layout-flex wp-container-15 wp-block-columns alignfull main-content-cols img-right larger-grid\">\n<div class=\"is-layout-flow wp-block-column\">\n<figure class=\"wp-block-image size-large\"><img decoding=\"async\" loading=\"lazy\" width=\"1024\" height=\"576\" src=\"https:\/\/i0.wp.com\/www.hotellespieux.com\/wp-content\/uploads\/\/hotel-les-pieux-cotentin-sejour-affaires.jpg?resize=1024%2C576&#038;ssl=1\" alt=\"H\u00f4tel Les Pieux - Cotentin - S\u00e9jour affaires\" class=\"wp-image-1094\" srcset=\"https:\/\/i0.wp.com\/www.hotellespieux.com\/wp-content\/uploads\/hotel-les-pieux-cotentin-sejour-affaires-scaled.jpg?resize=1024%2C576&amp;ssl=1 1024w, https:\/\/i0.wp.com\/www.hotellespieux.com\/wp-content\/uploads\/hotel-les-pieux-cotentin-sejour-affaires-scaled.jpg?resize=300%2C169&amp;ssl=1 300w, https:\/\/i0.wp.com\/www.hotellespieux.com\/wp-content\/uploads\/hotel-les-pieux-cotentin-sejour-affaires-scaled.jpg?resize=768%2C432&amp;ssl=1 768w, https:\/\/i0.wp.com\/www.hotellespieux.com\/wp-content\/uploads\/hotel-les-pieux-cotentin-sejour-affaires-scaled.jpg?resize=1536%2C864&amp;ssl=1 1536w, https:\/\/i0.wp.com\/www.hotellespieux.com\/wp-content\/uploads\/hotel-les-pieux-cotentin-sejour-affaires-scaled.jpg?resize=2048%2C1152&amp;ssl=1 2048w, https:\/\/i0.wp.com\/www.hotellespieux.com\/wp-content\/uploads\/hotel-les-pieux-cotentin-sejour-affaires-scaled.jpg?w=2560&amp;ssl=1 2560w\" sizes=\"(max-width: 1024px) 100vw, 1024px\" data-recalc-dims=\"1\" \/><\/figure>\n<\/div>\n\n\n\n<div class=\"is-layout-flow wp-block-column col-text contact-infos\">\n<h2>A hotel and bedrooms wich boast all mod cons<\/h2>\n\n\n\n<p>The hotel has been recently refurbished, so is able to offer the kind of services and amenities that really fit the bill for our business clientele. You can check into your room yourself between 2pm and 6am, seven days a week thanks to our electronic locker system.<\/p>\n\n\n\n<p>Our quiet, comfortable bedrooms come equipped with everything you need for your business trip. Quality bedding, a mini bar, WiFi, satellite television (Canal+, Eurosport\u2026), and last but definitely not least, a wardrobe\/hanging rail and a desk!<\/p>\n\n\n\n<p>The hotel is easy to get to from the free car park (over 70 spaces) located just behind the hotel.<\/p>\n\n\n\n<div class=\"is-layout-flex wp-block-buttons is-content-justification-center\">\n<div class=\"wp-block-button\"><a class=\"wp-block-button__link has-blue-1-background-color has-background\" href=\"https:\/\/www.hotellespieux.com\/en\/bedrooms\/\">See our bedrooms<\/a><\/div>\n<\/div>\n<\/div>\n<\/div>\n\n\n\n<div class=\"is-layout-flex wp-container-18 wp-block-columns alignfull main-content-cols img-left larger-grid\">\n<div class=\"is-layout-flow wp-block-column\">\n<figure class=\"wp-block-image size-large\"><img decoding=\"async\" loading=\"lazy\" width=\"1024\" height=\"683\" src=\"https:\/\/i0.wp.com\/www.hotellespieux.com\/wp-content\/uploads\/\/hotel-les-pieux-cotentin-plateaux-repas.jpg?resize=1024%2C683&#038;ssl=1\" alt=\"H\u00f4tel Les Pieux - Cotentin - Plateaux repas\" class=\"wp-image-1095\" srcset=\"https:\/\/i0.wp.com\/www.hotellespieux.com\/wp-content\/uploads\/hotel-les-pieux-cotentin-plateaux-repas-scaled.jpg?resize=1024%2C683&amp;ssl=1 1024w, https:\/\/i0.wp.com\/www.hotellespieux.com\/wp-content\/uploads\/hotel-les-pieux-cotentin-plateaux-repas-scaled.jpg?resize=300%2C200&amp;ssl=1 300w, https:\/\/i0.wp.com\/www.hotellespieux.com\/wp-content\/uploads\/hotel-les-pieux-cotentin-plateaux-repas-scaled.jpg?resize=768%2C512&amp;ssl=1 768w, https:\/\/i0.wp.com\/www.hotellespieux.com\/wp-content\/uploads\/hotel-les-pieux-cotentin-plateaux-repas-scaled.jpg?resize=1536%2C1024&amp;ssl=1 1536w, https:\/\/i0.wp.com\/www.hotellespieux.com\/wp-content\/uploads\/hotel-les-pieux-cotentin-plateaux-repas-scaled.jpg?resize=2048%2C1365&amp;ssl=1 2048w, https:\/\/i0.wp.com\/www.hotellespieux.com\/wp-content\/uploads\/hotel-les-pieux-cotentin-plateaux-repas-scaled.jpg?w=2560&amp;ssl=1 2560w\" sizes=\"(max-width: 1024px) 100vw, 1024px\" data-recalc-dims=\"1\" \/><\/figure>\n<\/div>\n\n\n\n<div class=\"is-layout-flow wp-block-column col-text contact-infos\">\n<h2>We&#8217;ll take care of your meals&nbsp;!<\/h2>\n\n\n\n<p>We know that the working day often starts early. To cater to this, a self-service breakfast buffet is served from 6.30am during the week! You\u2019ll really get the day off to a good start with our home-made cakes, preserves and local cheeses. Enjoy breakfast either in the breakfast room or make the most of our patio when the sun is shining.<\/p>\n\n\n\n<p>For the evening meal, we will serve yo<strong>u meal trays <\/strong>in your room (to be booked before midday). It comprises a starter, a hot main, cheese, dessert and a drink. &nbsp;<\/p>\n<\/div>\n<\/div>\n\n\n\n<div class=\"is-layout-flex wp-container-21 wp-block-columns alignfull columns-banner has-white-color has-blue-1-background-color has-text-color has-background\">\n<div class=\"is-layout-flow wp-block-column\">\n<figure class=\"wp-block-image size-large\"><img decoding=\"async\" loading=\"lazy\" width=\"1024\" height=\"683\" src=\"https:\/\/i0.wp.com\/www.hotellespieux.com\/wp-content\/uploads\/\/hotel-les-pieux-cotentin-boite-cles.jpg?resize=1024%2C683&#038;ssl=1\" alt=\"H\u00f4tel Les Pieux - Cotentin - Bo\u00eete \u00e0 cl\u00e9s\" class=\"wp-image-1096\" srcset=\"https:\/\/i0.wp.com\/www.hotellespieux.com\/wp-content\/uploads\/hotel-les-pieux-cotentin-boite-cles-scaled.jpg?resize=1024%2C683&amp;ssl=1 1024w, https:\/\/i0.wp.com\/www.hotellespieux.com\/wp-content\/uploads\/hotel-les-pieux-cotentin-boite-cles-scaled.jpg?resize=300%2C200&amp;ssl=1 300w, https:\/\/i0.wp.com\/www.hotellespieux.com\/wp-content\/uploads\/hotel-les-pieux-cotentin-boite-cles-scaled.jpg?resize=768%2C512&amp;ssl=1 768w, https:\/\/i0.wp.com\/www.hotellespieux.com\/wp-content\/uploads\/hotel-les-pieux-cotentin-boite-cles-scaled.jpg?resize=1536%2C1024&amp;ssl=1 1536w, https:\/\/i0.wp.com\/www.hotellespieux.com\/wp-content\/uploads\/hotel-les-pieux-cotentin-boite-cles-scaled.jpg?resize=2048%2C1365&amp;ssl=1 2048w, https:\/\/i0.wp.com\/www.hotellespieux.com\/wp-content\/uploads\/hotel-les-pieux-cotentin-boite-cles-scaled.jpg?w=2560&amp;ssl=1 2560w\" sizes=\"(max-width: 1024px) 100vw, 1024px\" data-recalc-dims=\"1\" \/><\/figure>\n<\/div>\n\n\n\n<div class=\"is-layout-flow wp-block-column is-vertically-aligned-center col-text\">\n<h2 class=\"has-text-align-center\"><em>Discover <\/em>our business traveller package&nbsp;!<\/h2>\n\n\n\n<p class=\"has-text-align-center\">Why wait any longer?<\/p>\n\n\n\n<p class=\"has-text-align-center\">If you book a four night, half-board package (breakfast and evening meal served as a meal tray in your bedroom), we\u2019ll give you a bottle of wine for free (not valid in conjunction with other offers).&nbsp; &nbsp;<\/p>\n<\/div>\n<\/div>\n","protected":false},"excerpt":{"rendered":"<p>Business travel and short trips in Les Pieux, in the Cotentin Are you on a business trip and need to stay for a night in Les Pieux? Or perhaps your trip is a longer one? Discover the H\u00f4tel Les Pieux \u2013 it\u2019s perfect for short business trips or longer business travel needs. In the heart [&hellip;]<\/p>\n","protected":false},"author":2,"featured_media":0,"parent":0,"menu_order":0,"comment_status":"closed","ping_status":"closed","template":"","meta":[],"yoast_head":"<!-- This site is optimized with the Yoast SEO plugin v21.1 - https:\/\/yoast.com\/wordpress\/plugins\/seo\/ -->\n<title>Hotel near CNPE EDF Flamanville - Hotel Les Pieux in Cotentin<\/title>\n<meta name=\"description\" content=\"Business travel and short trips in the Cotentin. The H\u00f4tel Les Pieux is located just 5 minutes by car from the Flamanville nuclear power station.\" \/>\n<meta name=\"robots\" content=\"index, follow, max-snippet:-1, max-image-preview:large, max-video-preview:-1\" \/>\n<link rel=\"canonical\" href=\"https:\/\/www.hotellespieux.com\/en\/business-travel\/\" \/>\n<meta property=\"og:locale\" content=\"en_US\" \/>\n<meta property=\"og:type\" content=\"article\" \/>\n<meta property=\"og:title\" content=\"Hotel near CNPE EDF Flamanville - Hotel Les Pieux in Cotentin\" \/>\n<meta property=\"og:description\" content=\"Business travel and short trips in the Cotentin. The H\u00f4tel Les Pieux is located just 5 minutes by car from the Flamanville nuclear power station.\" \/>\n<meta property=\"og:url\" content=\"https:\/\/www.hotellespieux.com\/en\/business-travel\/\" \/>\n<meta property=\"og:site_name\" content=\"H\u00f4tel Les Pieux\" \/>\n<meta property=\"article:publisher\" content=\"https:\/\/www.facebook.com\/hotellespieux\" \/>\n<meta property=\"article:modified_time\" content=\"2021-11-19T16:16:47+00:00\" \/>\n<meta property=\"og:image\" content=\"https:\/\/www.hotellespieux.com\/wp-content\/uploads\/\/hotel-les-pieux-exterieur-facade-1024x683.jpg\" \/>\n<meta name=\"twitter:card\" content=\"summary_large_image\" \/>\n<meta name=\"twitter:label1\" content=\"Est. reading time\" \/>\n\t<meta name=\"twitter:data1\" content=\"4 minutes\" \/>\n<script type=\"application\/ld+json\" class=\"yoast-schema-graph\">{\"@context\":\"https:\/\/schema.org\",\"@graph\":[{\"@type\":\"WebPage\",\"@id\":\"https:\/\/www.hotellespieux.com\/en\/business-travel\/\",\"url\":\"https:\/\/www.hotellespieux.com\/en\/business-travel\/\",\"name\":\"Hotel near CNPE EDF Flamanville - Hotel Les Pieux in Cotentin\",\"isPartOf\":{\"@id\":\"https:\/\/www.hotellespieux.com\/en\/#website\"},\"datePublished\":\"2021-11-19T09:51:01+00:00\",\"dateModified\":\"2021-11-19T16:16:47+00:00\",\"description\":\"Business travel and short trips in the Cotentin. The H\u00f4tel Les Pieux is located just 5 minutes by car from the Flamanville nuclear power station.\",\"breadcrumb\":{\"@id\":\"https:\/\/www.hotellespieux.com\/en\/business-travel\/#breadcrumb\"},\"inLanguage\":\"en-US\",\"potentialAction\":[{\"@type\":\"ReadAction\",\"target\":[\"https:\/\/www.hotellespieux.com\/en\/business-travel\/\"]}]},{\"@type\":\"BreadcrumbList\",\"@id\":\"https:\/\/www.hotellespieux.com\/en\/business-travel\/#breadcrumb\",\"itemListElement\":[{\"@type\":\"ListItem\",\"position\":1,\"name\":\"Home\",\"item\":\"https:\/\/www.hotellespieux.com\/en\/\"},{\"@type\":\"ListItem\",\"position\":2,\"name\":\"Business travel\"}]},{\"@type\":\"WebSite\",\"@id\":\"https:\/\/www.hotellespieux.com\/en\/#website\",\"url\":\"https:\/\/www.hotellespieux.com\/en\/\",\"name\":\"H\u00f4tel Les Pieux\",\"description\":\"\",\"publisher\":{\"@id\":\"https:\/\/www.hotellespieux.com\/en\/#organization\"},\"potentialAction\":[{\"@type\":\"SearchAction\",\"target\":{\"@type\":\"EntryPoint\",\"urlTemplate\":\"https:\/\/www.hotellespieux.com\/en\/?s={search_term_string}\"},\"query-input\":\"required name=search_term_string\"}],\"inLanguage\":\"en-US\"},{\"@type\":\"Organization\",\"@id\":\"https:\/\/www.hotellespieux.com\/en\/#organization\",\"name\":\"H\u00f4tel les Pieux\",\"url\":\"https:\/\/www.hotellespieux.com\/en\/\",\"logo\":{\"@type\":\"ImageObject\",\"inLanguage\":\"en-US\",\"@id\":\"https:\/\/www.hotellespieux.com\/en\/#\/schema\/logo\/image\/\",\"url\":\"https:\/\/www.hotellespieux.com\/wp-content\/uploads\/hotel-les-pieux-logo.svg\",\"contentUrl\":\"https:\/\/www.hotellespieux.com\/wp-content\/uploads\/hotel-les-pieux-logo.svg\",\"width\":1,\"height\":1,\"caption\":\"H\u00f4tel les Pieux\"},\"image\":{\"@id\":\"https:\/\/www.hotellespieux.com\/en\/#\/schema\/logo\/image\/\"},\"sameAs\":[\"https:\/\/www.facebook.com\/hotellespieux\"]}]}<\/script>\n<!-- \/ Yoast SEO plugin. -->","yoast_head_json":{"title":"Hotel near CNPE EDF Flamanville - Hotel Les Pieux in Cotentin","description":"Business travel and short trips in the Cotentin. The H\u00f4tel Les Pieux is located just 5 minutes by car from the Flamanville nuclear power station.","robots":{"index":"index","follow":"follow","max-snippet":"max-snippet:-1","max-image-preview":"max-image-preview:large","max-video-preview":"max-video-preview:-1"},"canonical":"https:\/\/www.hotellespieux.com\/en\/business-travel\/","og_locale":"en_US","og_type":"article","og_title":"Hotel near CNPE EDF Flamanville - Hotel Les Pieux in Cotentin","og_description":"Business travel and short trips in the Cotentin. The H\u00f4tel Les Pieux is located just 5 minutes by car from the Flamanville nuclear power station.","og_url":"https:\/\/www.hotellespieux.com\/en\/business-travel\/","og_site_name":"H\u00f4tel Les Pieux","article_publisher":"https:\/\/www.facebook.com\/hotellespieux","article_modified_time":"2021-11-19T16:16:47+00:00","og_image":[{"url":"https:\/\/www.hotellespieux.com\/wp-content\/uploads\/\/hotel-les-pieux-exterieur-facade-1024x683.jpg"}],"twitter_card":"summary_large_image","twitter_misc":{"Est. reading time":"4 minutes"},"schema":{"@context":"https:\/\/schema.org","@graph":[{"@type":"WebPage","@id":"https:\/\/www.hotellespieux.com\/en\/business-travel\/","url":"https:\/\/www.hotellespieux.com\/en\/business-travel\/","name":"Hotel near CNPE EDF Flamanville - Hotel Les Pieux in Cotentin","isPartOf":{"@id":"https:\/\/www.hotellespieux.com\/en\/#website"},"datePublished":"2021-11-19T09:51:01+00:00","dateModified":"2021-11-19T16:16:47+00:00","description":"Business travel and short trips in the Cotentin. The H\u00f4tel Les Pieux is located just 5 minutes by car from the Flamanville nuclear power station.","breadcrumb":{"@id":"https:\/\/www.hotellespieux.com\/en\/business-travel\/#breadcrumb"},"inLanguage":"en-US","potentialAction":[{"@type":"ReadAction","target":["https:\/\/www.hotellespieux.com\/en\/business-travel\/"]}]},{"@type":"BreadcrumbList","@id":"https:\/\/www.hotellespieux.com\/en\/business-travel\/#breadcrumb","itemListElement":[{"@type":"ListItem","position":1,"name":"Home","item":"https:\/\/www.hotellespieux.com\/en\/"},{"@type":"ListItem","position":2,"name":"Business travel"}]},{"@type":"WebSite","@id":"https:\/\/www.hotellespieux.com\/en\/#website","url":"https:\/\/www.hotellespieux.com\/en\/","name":"H\u00f4tel Les Pieux","description":"","publisher":{"@id":"https:\/\/www.hotellespieux.com\/en\/#organization"},"potentialAction":[{"@type":"SearchAction","target":{"@type":"EntryPoint","urlTemplate":"https:\/\/www.hotellespieux.com\/en\/?s={search_term_string}"},"query-input":"required name=search_term_string"}],"inLanguage":"en-US"},{"@type":"Organization","@id":"https:\/\/www.hotellespieux.com\/en\/#organization","name":"H\u00f4tel les Pieux","url":"https:\/\/www.hotellespieux.com\/en\/","logo":{"@type":"ImageObject","inLanguage":"en-US","@id":"https:\/\/www.hotellespieux.com\/en\/#\/schema\/logo\/image\/","url":"https:\/\/www.hotellespieux.com\/wp-content\/uploads\/hotel-les-pieux-logo.svg","contentUrl":"https:\/\/www.hotellespieux.com\/wp-content\/uploads\/hotel-les-pieux-logo.svg","width":1,"height":1,"caption":"H\u00f4tel les Pieux"},"image":{"@id":"https:\/\/www.hotellespieux.com\/en\/#\/schema\/logo\/image\/"},"sameAs":["https:\/\/www.facebook.com\/hotellespieux"]}]}},"_links":{"self":[{"href":"https:\/\/www.hotellespieux.com\/en\/wp-json\/wp\/v2\/pages\/1231"}],"collection":[{"href":"https:\/\/www.hotellespieux.com\/en\/wp-json\/wp\/v2\/pages"}],"about":[{"href":"https:\/\/www.hotellespieux.com\/en\/wp-json\/wp\/v2\/types\/page"}],"author":[{"embeddable":true,"href":"https:\/\/www.hotellespieux.com\/en\/wp-json\/wp\/v2\/users\/2"}],"replies":[{"embeddable":true,"href":"https:\/\/www.hotellespieux.com\/en\/wp-json\/wp\/v2\/comments?post=1231"}],"version-history":[{"count":4,"href":"https:\/\/www.hotellespieux.com\/en\/wp-json\/wp\/v2\/pages\/1231\/revisions"}],"predecessor-version":[{"id":1331,"href":"https:\/\/www.hotellespieux.com\/en\/wp-json\/wp\/v2\/pages\/1231\/revisions\/1331"}],"wp:attachment":[{"href":"https:\/\/www.hotellespieux.com\/en\/wp-json\/wp\/v2\/media?parent=1231"}],"curies":[{"name":"wp","href":"https:\/\/api.w.org\/{rel}","templated":true}]}}